{"id":2727,"date":"2018-05-02T05:15:53","date_gmt":"2018-05-02T05:15:53","guid":{"rendered":"http:\/\/themeforest.unitedthemes.com\/wpversions\/brooklyn\/xml\/demo13\/?page_id=2727"},"modified":"2024-08-28T15:19:09","modified_gmt":"2024-08-28T14:19:09","slug":"front-page","status":"publish","type":"page","link":"https:\/\/mindinstitute.se\/en\/","title":{"rendered":""},"content":{"rendered":"<section id=\"ut-section-69f0dcf2e62e9\" data-section-title=\"Welcome Section\" data-vc-full-width=\"true\" data-vc-full-width-init=\"false\" data-cursor-skin=\"global\" class=\"vc_section ut-vc-160 vc_section-has-no-fill ut-section-69f0dcf2e62f7\"><div id=\"ut-row-69f0dcf2e6eb9\" data-vc-full-width=\"true\" data-vc-full-width-init=\"false\" class=\"vc_row wpb_row vc_row-fluid vc_column-gap-0 ut-row-69f0dcf2e6ec5\" ><div class=\"wpb_column vc_column_container vc_col-sm-5\" ><div id=\"ut_inner_column_69f0dcf2e7d01\" class=\"vc_column-inner \" ><div class=\"wpb_wrapper\"><div data-effect=\"fadeIn\" data-animateonce=\"yes\" data-delay=\"0\" class=\"wpb_content_element ut-animate-image animated ut-no-animation-tablet ut-no-animation-mobile  clearfix\"><style type=\"text\/css\">#ut_am_69f0dcf2e89ad { opacity: 1; }#ut_am_wrap_69f0dcf2e89ae img,#ut_am_wrap_69f0dcf2e89ae .ut-image-gallery-image-caption,#ut_am_wrap_69f0dcf2e89ae .ut-box-shadow-container,#ut_am_wrap_69f0dcf2e89ae .ut-box-shadow-container-inner,#ut_am_wrap_69f0dcf2e89ae .ut-block-revealer-element-container,#ut_am_wrap_69f0dcf2e89ae .ut-animated-image-zoom { -webkit-border-radius: 100px; -moz-border-radius: 100px; border-radius: 100px; }#ut_am_wrap_69f0dcf2e89ae .ut-gallery-slider-caption { color: #151515; }#ut_am_wrap_69f0dcf2e89ae .ut-gallery-slider-caption { font-weight: 200; }#ut_am_wrap_69f0dcf2e89ae { text-align: center; }@media (min-width: 768px) and (max-width: 1024px) { #ut_am_wrap_69f0dcf2e89ae { text-align: center !important; } }@media (max-width: 767px) { #ut_am_wrap_69f0dcf2e89ae { text-align: center !important; } }<\/style><div id=\"ut_am_wrap_69f0dcf2e89ae\" class=\"ut-image-gallery-image \"><div id=\"ut_reveal_69f0dcf2e89af\"  data-appear-top-offset=\"auto\" class=\"ut-animated-image-item ut-image-gallery-item ut-animation-done \"><a class=\"ut-deactivated-link\" href=\"#\"><div class=\"ut-animated-image-zoom\">\r\n        <div class=\"ut-element-glitch-wrap\">\r\n\r\n            \r\n        <style type=\"text\/css\">\r\n\r\n                        \r\n        @media (min-width: 1025px) {\r\n\r\n        #ut-element-glitch-69f0dcf2e8a27472376985-3282 .ut-glitch-single-element {\r\n                                            \r\n                }\r\n        }\r\n\r\n        @media (min-width: 768px) and (max-width: 1024px) {\r\n\r\n        #ut-element-glitch-69f0dcf2e8a27472376985-3282 .ut-glitch-single-element {\r\n                                                \r\n                    }\r\n        }\r\n\r\n        @media (max-width: 767px) {\r\n\r\n        #ut-element-glitch-69f0dcf2e8a27472376985-3282 .ut-glitch-single-element {\r\n                                                \r\n                    }\r\n        }\r\n\r\n        \r\n        <\/style>\r\n\r\n        \r\n            <div id=\"ut-element-glitch-69f0dcf2e8a27472376985-3282\" class=\" ut-element-glitch ut-glitch-none ut-element-glitch-permanent\">\r\n                <div class=\"ut-glitch-single-element ut-lozad skip-lazy\" data-background-image=\"https:\/\/mindinstitute.se\/wp-content\/uploads\/2023\/12\/IMG_3283-Christian-Engquist-1-e1702585999141.jpg\"><\/div>\r\n                <div class=\"ut-glitch-single-element ut-lozad skip-lazy\" data-background-image=\"https:\/\/mindinstitute.se\/wp-content\/uploads\/2023\/12\/IMG_3283-Christian-Engquist-1-e1702585999141.jpg\"><\/div>\r\n                <div class=\"ut-glitch-single-element ut-lozad skip-lazy\" data-background-image=\"https:\/\/mindinstitute.se\/wp-content\/uploads\/2023\/12\/IMG_3283-Christian-Engquist-1-e1702585999141.jpg\"><\/div>\r\n                <div class=\"ut-glitch-single-element ut-lozad skip-lazy\" data-background-image=\"https:\/\/mindinstitute.se\/wp-content\/uploads\/2023\/12\/IMG_3283-Christian-Engquist-1-e1702585999141.jpg\"><\/div>\r\n                <div class=\"ut-glitch-single-element ut-lozad skip-lazy\" data-background-image=\"https:\/\/mindinstitute.se\/wp-content\/uploads\/2023\/12\/IMG_3283-Christian-Engquist-1-e1702585999141.jpg\"><\/div>\r\n            <\/div>\r\n\r\n        <\/div>\r\n\r\n        <img loading=\"lazy\" decoding=\"async\" class=\"ut-lazy skip-lazy ut-animated-image \"  id=\"ut_am_69f0dcf2e89ad\" src=\"data:image\/svg+xml;charset=utf-8,%3Csvg xmlns%3D'http%3A%2F%2Fwww.w3.org%2F2000%2Fsvg' viewBox%3D'0 0 1549 1734'%2F%3E\" data-src=\"https:\/\/mindinstitute.se\/wp-content\/uploads\/2023\/12\/IMG_3283-Christian-Engquist-1-e1702585999141.jpg\" width=\"1549\" height=\"1734\" alt=\"\"\/><\/div><\/a><\/div><\/div><\/div>\n<style type=\"text\/css\">\n\n    \n        #ut-empty-space-69f0dcf2e9036 {\n            height: 40px        }\n\n    \n            @media (min-width: 768px) and (max-width: 1200px) {\n            #ut-empty-space-69f0dcf2e9036 {\n                height: 40px;\n                display: block;\n            }\n        }\n    \n    \n        @media (max-width: 767px) {\n            #ut-empty-space-69f0dcf2e9036 {\n                height: 40px;\n                display: block;\n            }\n        }\n\n    \n<\/style>\n\n<div class=\"vc_empty_space\" id=\"ut-empty-space-69f0dcf2e9036\"><span class=\"vc_empty_space_inner\"><\/span><\/div><\/div><\/div><\/div><div class=\"wpb_column vc_column_container vc_col-sm-7\" ><div id=\"ut_inner_column_69f0dcf2e9556\" class=\"vc_column-inner \" ><div class=\"wpb_wrapper\"><div class=\"wpb_content_element \"><style type=\"text\/css\">#ut_header_69f0dcf2e9d14 h2.section-title { font-size:55px !important;line-height:70px !important;letter-spacing:-0.03em; }<\/style><header id=\"ut_header_69f0dcf2e9d14\" class=\"section-header  ut-no-title-linebreak-mobile ut-no-lead-linebreak-mobile pt-style-2 header-left header-tablet-left header-mobile-center element-with-custom-line-height\"><div class=\"element-with-custom-line-height\" ><h2 data-title=\"Christian Engquist\"  data-responsive-font=\"section_title\" data-responsive-font-settings=\"{&quot;base-font-size&quot;:&quot;55&quot;,&quot;font-size&quot;:{&quot;desktop_large&quot;:&quot;55&quot;},&quot;base-line-height&quot;:&quot;global&quot;,&quot;line-height&quot;:{&quot;desktop_large&quot;:&quot;70&quot;},&quot;base-letter-spacing&quot;:&quot;global&quot;,&quot;letter-spacing&quot;:{&quot;desktop_large&quot;:&quot;-0.03&quot;}}\" class=\"section-title  \"><span>Christian Engquist<\/span><\/h2><\/div><div data-delay=\"0\" class=\"lead \"><p>Dipl. Samtalsterapeut<\/p>\n<\/div><\/header><\/div>\n\t<div class=\"wpb_text_column wpb_content_element \" >\n\t\t<div class=\"wpb_wrapper\">\n\t\t\t<p>K\u00e4mpar du med oro, \u00e5ngest, stress, sorg, trauma, relations- eller datingproblem? Livet bjuder oss utmaningar i m\u00e5nga olika former, och ibland kan tillvaron k\u00e4nnas \u00f6verm\u00e4ktig. Jag finns tillg\u00e4nglig f\u00f6r st\u00f6djande samtal online.<\/p>\n<p>Kanske \u00e4r det n\u00e5got speciellt som tynger dig. Kanske b\u00e4r du p\u00e5 en \u00f6nskan om att f\u00f6rst\u00e5 vad som format dig och varf\u00f6r du reagerar som du g\u00f6r i situationer du \u00e4r med om.<\/p>\n<p>Jag hj\u00e4lper ocks\u00e5 par att avkoda negativa monster som bidrar till upplevelsen av att k\u00e4nna sig fr\u00e5nkopplad och ensam. Jag guidar er i processen att bygga ett starkt och varaktigt band till varandra, som ger en djupare k\u00e4nsla av trygghet och samh\u00f6righet.<\/p>\n<p>V\u00e4lkommen att boka tid hos mig via mail eller formul\u00e4ret nedan!<\/p>\n\n\t\t<\/div>\n\t<\/div>\n<div  class=\"wpb_content_element   vc_custom_1702683135643 clearfix\"><style type=\"text\/css\">#ut_am_69f0dcf2eed5a { opacity: 1; }#ut_am_wrap_69f0dcf2eed5b { text-align: left; }@media (min-width: 768px) and (max-width: 1024px) { #ut_am_wrap_69f0dcf2eed5b { text-align: left !important; } }@media (max-width: 767px) { #ut_am_wrap_69f0dcf2eed5b { text-align: center !important; } }<\/style><div id=\"ut_am_wrap_69f0dcf2eed5b\" class=\"ut-image-gallery-image \"><div id=\"ut_reveal_69f0dcf2eed5c\"  data-appear-top-offset=\"auto\" class=\"ut-animated-image-item ut-image-gallery-item ut-animation-done \"><a class=\"ut-deactivated-link\" href=\"#\"><div class=\"ut-animated-image-zoom\">\r\n        <div class=\"ut-element-glitch-wrap\">\r\n\r\n            \r\n        <style type=\"text\/css\">\r\n\r\n                        \r\n        @media (min-width: 1025px) {\r\n\r\n        #ut-element-glitch-69f0dcf2eed83418317070-3317 .ut-glitch-single-element {\r\n                                            \r\n                }\r\n        }\r\n\r\n        @media (min-width: 768px) and (max-width: 1024px) {\r\n\r\n        #ut-element-glitch-69f0dcf2eed83418317070-3317 .ut-glitch-single-element {\r\n                                                \r\n                    }\r\n        }\r\n\r\n        @media (max-width: 767px) {\r\n\r\n        #ut-element-glitch-69f0dcf2eed83418317070-3317 .ut-glitch-single-element {\r\n                                                \r\n                    }\r\n        }\r\n\r\n        \r\n        <\/style>\r\n\r\n        \r\n            <div id=\"ut-element-glitch-69f0dcf2eed83418317070-3317\" class=\" ut-element-glitch ut-glitch-none ut-element-glitch-permanent\">\r\n                <div class=\"ut-glitch-single-element ut-lozad skip-lazy\" data-background-image=\"https:\/\/mindinstitute.se\/wp-content\/uploads\/2023\/12\/First-Name-4.svg\"><\/div>\r\n                <div class=\"ut-glitch-single-element ut-lozad skip-lazy\" data-background-image=\"https:\/\/mindinstitute.se\/wp-content\/uploads\/2023\/12\/First-Name-4.svg\"><\/div>\r\n                <div class=\"ut-glitch-single-element ut-lozad skip-lazy\" data-background-image=\"https:\/\/mindinstitute.se\/wp-content\/uploads\/2023\/12\/First-Name-4.svg\"><\/div>\r\n                <div class=\"ut-glitch-single-element ut-lozad skip-lazy\" data-background-image=\"https:\/\/mindinstitute.se\/wp-content\/uploads\/2023\/12\/First-Name-4.svg\"><\/div>\r\n                <div class=\"ut-glitch-single-element ut-lozad skip-lazy\" data-background-image=\"https:\/\/mindinstitute.se\/wp-content\/uploads\/2023\/12\/First-Name-4.svg\"><\/div>\r\n            <\/div>\r\n\r\n        <\/div>\r\n\r\n        <img loading=\"lazy\" decoding=\"async\" class=\"ut-lazy skip-lazy ut-animated-image \"  id=\"ut_am_69f0dcf2eed5a\" src=\"data:image\/svg+xml;charset=utf-8,%3Csvg xmlns%3D'http%3A%2F%2Fwww.w3.org%2F2000%2Fsvg' viewBox%3D'0 0 1300 867'%2F%3E\" data-src=\"https:\/\/mindinstitute.se\/wp-content\/uploads\/2023\/12\/First-Name-4.svg\" width=\"1300\" height=\"867\" alt=\"\"\/><\/div><\/a><\/div><\/div><\/div>\n\t<div class=\"wpb_text_column wpb_content_element \" >\n\t\t<div class=\"wpb_wrapper\">\n\t\t\t<h3>Individuellt samtal 650 kr\/45 min<\/h3>\n<h3>Parsamtal 1300 kr\/90 min<\/h3>\n<h4><\/h4>\n<h4><strong>christian@mindinstitute.se<\/strong><\/h4>\n\n\t\t<\/div>\n\t<\/div>\n<div id=\"ut_cf7_colors_69f0dcf2ef02e\" class=\"wpb_content_element  \">\n<div class=\"wpcf7 no-js\" id=\"wpcf7-f3409-o1\" lang=\"sv-SE\" dir=\"ltr\">\n<div class=\"screen-reader-response\"><p role=\"status\" aria-live=\"polite\" aria-atomic=\"true\"><\/p> <ul><\/ul><\/div>\n<form action=\"\/en\/wp-json\/wp\/v2\/pages\/2727#wpcf7-f3409-o1\" method=\"post\" class=\"wpcf7-form init\" aria-label=\"Kontaktformul\u00e4r\" novalidate=\"novalidate\" data-status=\"init\">\n<div style=\"display: none;\">\n<input type=\"hidden\" name=\"_wpcf7\" value=\"3409\" \/>\n<input type=\"hidden\" name=\"_wpcf7_version\" value=\"5.9.8\" \/>\n<input type=\"hidden\" name=\"_wpcf7_locale\" value=\"sv_SE\" \/>\n<input type=\"hidden\" name=\"_wpcf7_unit_tag\" value=\"wpcf7-f3409-o1\" \/>\n<input type=\"hidden\" name=\"_wpcf7_container_post\" value=\"0\" \/>\n<input type=\"hidden\" name=\"_wpcf7_posted_data_hash\" value=\"\" \/>\n<\/div>\n<div class=\"wpcf7-response-output\" aria-hidden=\"true\"><\/div>\n\n<p><label for=\"your-name\">Namn<\/label><br \/>\n    <span class=\"wpcf7-form-control-wrap\" data-name=\"your-name\"><input size=\"40\" maxlength=\"400\" class=\"wpcf7-form-control wpcf7-text wpcf7-validates-as-required\" aria-required=\"true\" aria-invalid=\"false\" value=\"\" type=\"text\" name=\"your-name\" \/><\/span> <\/p>\n\n<p><label for=\"your-email\">E-post<\/label><br \/>\n    <span class=\"wpcf7-form-control-wrap\" data-name=\"your-email\"><input size=\"40\" maxlength=\"400\" class=\"wpcf7-form-control wpcf7-email wpcf7-validates-as-required wpcf7-text wpcf7-validates-as-email\" aria-required=\"true\" aria-invalid=\"false\" value=\"\" type=\"email\" name=\"your-email\" \/><\/span> <\/p>\n\n<p><label for=\"your-subject\">\u00c4mne<\/label><br \/>\n    <span class=\"wpcf7-form-control-wrap\" data-name=\"your-subject\"><input size=\"40\" maxlength=\"400\" class=\"wpcf7-form-control wpcf7-text\" id=\"your-subject\" aria-invalid=\"false\" value=\"\" type=\"text\" name=\"your-subject\" \/><\/span> <\/p>\n\n<p><label for=\"your-message\">Meddelande<\/label><br \/>\n    <span class=\"wpcf7-form-control-wrap\" data-name=\"your-message\"><textarea cols=\"40\" rows=\"10\" maxlength=\"2000\" class=\"wpcf7-form-control wpcf7-textarea\" id=\"your-message\" aria-invalid=\"false\" name=\"your-message\"><\/textarea><\/span> <\/p>\n\n\n\n<p><input class=\"wpcf7-form-control wpcf7-submit has-spinner\" type=\"submit\" value=\"Skicka\" \/><\/p><p style=\"display: none !important;\" class=\"akismet-fields-container\" data-prefix=\"_wpcf7_ak_\"><label>&#916;<textarea name=\"_wpcf7_ak_hp_textarea\" cols=\"45\" rows=\"8\" maxlength=\"100\"><\/textarea><\/label><input type=\"hidden\" id=\"ak_js_1\" name=\"_wpcf7_ak_js\" value=\"136\"\/><script type=\"text\/javascript\">\n\/* <![CDATA[ *\/\ndocument.getElementById( \"ak_js_1\" ).setAttribute( \"value\", ( new Date() ).getTime() );\n\/* ]]> *\/\n<\/script>\n<\/p>\n<\/form>\n<\/div>\n<\/div><\/div><\/div><\/div><\/div><div class=\"vc_row-full-width vc_clearfix\"><\/div><a data-id=\"section-without-id\" class=\"ut-vc-offset-anchor-bottom\" name=\"section-without-id\"><\/a><\/section><div class=\"vc_row-full-width vc_clearfix\"><\/div><section id=\"ut-section-69f0dcf302392\" data-section-title=\"Portfolio Section\" data-vc-full-width=\"true\" data-vc-full-width-init=\"false\" data-cursor-skin=\"global\" class=\"vc_section ut-vc-160 vc_section-has-no-fill ut-section-69f0dcf30239b\"><div id=\"ut-row-69f0dcf302c1d\" data-vc-full-width=\"true\" data-vc-full-width-init=\"false\" class=\"vc_row wpb_row vc_row-fluid vc_column-gap-0 ut-row-69f0dcf302c28\" ><div class=\"wpb_column vc_column_container vc_col-sm-12\" ><div id=\"ut_inner_column_69f0dcf30335d\" class=\"vc_column-inner \" ><div class=\"wpb_wrapper\"><div class=\"wpb_content_element \"><style type=\"text\/css\">#ut_header_69f0dcf3037c4 h2.section-title { font-size:55px !important;line-height:70px !important;letter-spacing:-0.03em; }<\/style><header id=\"ut_header_69f0dcf3037c4\" class=\"section-header  ut-no-title-linebreak-mobile ut-no-lead-linebreak-mobile pt-style-2 header-left header-tablet-left header-mobile-center element-with-custom-line-height\"><div class=\"element-with-custom-line-height\" ><h2 data-title=\"Om mig\"  data-responsive-font=\"section_title\" data-responsive-font-settings=\"{&quot;base-font-size&quot;:&quot;55&quot;,&quot;font-size-unit&quot;:&quot;px&quot;,&quot;font-size&quot;:{&quot;desktop_large&quot;:&quot;55&quot;},&quot;base-line-height&quot;:&quot;global&quot;,&quot;line-height&quot;:{&quot;desktop_large&quot;:&quot;70&quot;},&quot;base-letter-spacing&quot;:&quot;global&quot;,&quot;letter-spacing&quot;:{&quot;desktop_large&quot;:&quot;-0.03&quot;}}\" class=\"section-title  \"><span>Om mig<\/span><\/h2><\/div><\/header><\/div>\n\t<div class=\"wpb_text_column wpb_content_element \" >\n\t\t<div class=\"wpb_wrapper\">\n\t\t\t<p>Efter att ha g\u00e5tt Dr Karen E Wells CTAA-ackrediterade utbildning i samtalsterapi, vidareutbildade jag mig till traumaterapeut med grund i EMDR, KBT och somatiskbaserad intervention f\u00f6r Dr Arielle Schwartz. D\u00e4refter har jag g\u00e5tt Dr Joy R. Samuels certifierande kurs i sorgebearbetning. Jag har en magisterexamen i pedagogik och metodik, en kandidatexamen i Praktisk Filosofi samt en kandidatexamen i solos\u00e5ng.<\/p>\n<h1 class=\"font_0 wixui-rich-text__text\"><\/h1>\n\n\t\t<\/div>\n\t<\/div>\n<\/div><\/div><\/div><\/div><div class=\"vc_row-full-width vc_clearfix\"><\/div><a data-id=\"section-without-id\" class=\"ut-vc-offset-anchor-bottom\" name=\"section-without-id\"><\/a><\/section><div class=\"vc_row-full-width vc_clearfix\"><\/div><section id=\"ut-section-69f0dcf304b0a\" data-section-title=\"Social Section\" data-vc-full-width=\"true\" data-vc-full-width-init=\"false\" data-background-image=\"http:\/\/mindinstitute.se\/wp-content\/uploads\/2023\/12\/autumn-leaves-5617522.jpg?id=3417\" data-cursor-skin=\"global\" class=\"vc_section ut-vc-160 vc_section-has-fill ut-section-69f0dcf304b11 ut-background-lozad bklyn-section-with-overlay bklyn-section-with-separator bklyn-section-separator-tablet-off bklyn-section-separator-mobile-off\"><div id=\"ut-section-overlay-69f0dcf304cb7\" class=\"bklyn-overlay \"><\/div><div id=\"ut-separator-69f0dcf306ab4\" class=\"bklyn-section-separator bklyn-section-separator-top bklyn-section-separator-triple-wave-1 hide-on-tablet hide-on-mobile\"><style type=\"text\/css\">#ut-separator-69f0dcf306ab4{ width: calc(100% + 2px); }#ut-separator-69f0dcf306ab4 svg { width: calc(100% + 2px); left: 50%; }#ut-separator-69f0dcf306ab4 svg { -webkit-transform: translateX( -50% ); -ms-transform: translateX( -50% ); transform: translateX( -50% ); }#ut-separator-69f0dcf306ab4{ height: 15%; }#ut-separator-69f0dcf306ab4 svg { height: 100%; }@media (min-width: 768px) and (max-width: 1024px) {#ut-separator-69f0dcf306ab4{ width: calc(100% + 2px); }#ut-separator-69f0dcf306ab4 svg { width: calc(100% + 2px); left: 50%; }#ut-separator-69f0dcf306ab4 svg { -webkit-transform: translateX( -50% ); -ms-transform: translateX( -50% ); transform: translateX( -50% ); }}@media (max-width: 767px) {#ut-separator-69f0dcf306ab4{ width: calc(100% + 2px); }#ut-separator-69f0dcf306ab4 svg { width: calc(100% + 2px); left: 50%; }#ut-separator-69f0dcf306ab4 svg { -webkit-transform: translateX( -50% ); -ms-transform: translateX( -50% ); transform: translateX( -50% ); }}<\/style><svg id=\"ut-svg-69f0dcf306a92\" xmlns=\"http:\/\/www.w3.org\/2000\/svg\" viewBox=\"0 0 1920 435\" preserveAspectRatio=\"none\">\r\n    <style type=\"text\/css\">.ut-svg-color-69f0dcf306a99{ fill: rgba(255,255,255,0.15) !important }.ut-svg-color-69f0dcf306aa2{ fill: rgba(255,255,255,0.3) !important }.ut-svg-color-69f0dcf306aa7{ fill: #ffffff !important }<\/style>\r\n    \r\n    <path  class=\"ut-svg-color-69f0dcf306a99 bklyn-section-separator-path-fill\" d=\"M1920,435.1H0V49c32.8,32,92.7,82.1,180,108.3C486.8,249.6,554.4-28.5,918,9.1C1152.9,33.4,1328.5,180,1602,176 c137.7-2,248.9-43,318-75C1920,229.7,1920,306.4,1920,435.1z\"\/>\r\n    <path  class=\"ut-svg-color-69f0dcf306aa2 bklyn-section-separator-path-fill\" d=\"M1920,288.1c-228,42-357.8,100.5-489,54c-254.1-90-325.1-324.6-603-315C619.8,34.3,532.8,150,280.5,228.8\tc-136.7,42.7-178-42.7-280.5-48.6v255h1920V288.1z\"\/>\r\n    <path  class=\"ut-svg-color-69f0dcf306aa7 bklyn-section-separator-path-fill\" d=\"M1920,435.1H0v-215c81,5,135,77,243,41c199.3-66.4,294.5-143.1,405-162c315-54,384.2,131.1,585,207 c165,62.4,385,129,687-120C1920,236.1,1920,385.1,1920,435.1z\"\/>    \r\n<\/svg><\/div><a data-id=\"section-without-id\" class=\"ut-vc-offset-anchor-bottom\" name=\"section-without-id\"><\/a><style type=\"text\/css\">#ut-section-69f0dcf304b0a{padding-top: 260px !important;background-position:center center !important;;background-repeat: no-repeat !important;background-size: cover !important;}#ut-section-overlay-69f0dcf304cb7{background-image:  -webkit-linear-gradient(60deg, rgba(0, 0, 0, 0.2) 0%, transparent 100%)  ;background-image:  -moz-linear-gradient(60deg, rgba(0, 0, 0, 0.2) 0%, transparent 100%)  ;background-image:  -o-linear-gradient(60deg, rgba(0, 0, 0, 0.2) 0%, transparent 100%)  ;background-image:  linear-gradient(60deg, rgba(0, 0, 0, 0.2) 0%, transparent 100%)  ;} <\/style><\/section><div class=\"vc_row-full-width vc_clearfix\"><\/div><div id=\"ut-row-69f0dcf3077a3\" data-vc-full-width=\"true\" data-vc-full-width-init=\"false\" class=\"vc_row wpb_row vc_row-fluid vc_column-gap-0 ut-row-69f0dcf3077b0\" ><div class=\"wpb_column vc_column_container vc_col-sm-12\" ><div id=\"ut_inner_column_69f0dcf307dff\" class=\"vc_column-inner \" ><div class=\"wpb_wrapper\"><\/div><\/div><\/div><\/div><div class=\"vc_row-full-width vc_clearfix\"><\/div>\n","protected":false},"excerpt":{"rendered":"#ut_am_69f0dcf30a162 { opacity: 1; }#ut_am_wrap_69f0dcf30a163 img,#ut_am_wrap_69f0dcf30a163 .ut-image-gallery-image-caption,#ut_am_wrap_69f0dcf30a163 .ut-box-shadow-container,#ut_am_wrap_69f0dcf30a163 .ut-box-shadow-container-inner,#ut_am_wrap_69f0dcf30a163 .ut-block-revealer-element-container,#ut_am_wrap_69f0dcf30a163 .ut-animated-image-zoom { -webkit-border-radius: 100px; -moz-border-radius: 100px; border-radius: 100px; }#ut_am_wrap_69f0dcf30a163 .ut-gallery-slider-caption { color: #151515; }#ut_am_wrap_69f0dcf30a163 .ut-gallery-slider-caption { font-weight: 200; }#ut_am_wrap_69f0dcf30a163 { text-align: center; }@media (min-width: 768px) and (max-width: 1024px) { #ut_am_wrap_69f0dcf30a163 { text-align: center !important; } }@media (max-width: 767px) { #ut_am_wrap_69f0dcf30a163 { text-align: center !important; } [...]","protected":false},"author":1,"featured_media":0,"parent":0,"menu_order":0,"comment_status":"closed","ping_status":"closed","template":"","meta":{"footnotes":""},"_links":{"self":[{"href":"https:\/\/mindinstitute.se\/en\/wp-json\/wp\/v2\/pages\/2727"}],"collection":[{"href":"https:\/\/mindinstitute.se\/en\/wp-json\/wp\/v2\/pages"}],"about":[{"href":"https:\/\/mindinstitute.se\/en\/wp-json\/wp\/v2\/types\/page"}],"author":[{"embeddable":true,"href":"https:\/\/mindinstitute.se\/en\/wp-json\/wp\/v2\/users\/1"}],"replies":[{"embeddable":true,"href":"https:\/\/mindinstitute.se\/en\/wp-json\/wp\/v2\/comments?post=2727"}],"version-history":[{"count":97,"href":"https:\/\/mindinstitute.se\/en\/wp-json\/wp\/v2\/pages\/2727\/revisions"}],"predecessor-version":[{"id":3493,"href":"https:\/\/mindinstitute.se\/en\/wp-json\/wp\/v2\/pages\/2727\/revisions\/3493"}],"wp:attachment":[{"href":"https:\/\/mindinstitute.se\/en\/wp-json\/wp\/v2\/media?parent=2727"}],"curies":[{"name":"wp","href":"https:\/\/api.w.org\/{rel}","templated":true}]}}